{"id":27,"date":"2023-01-08T13:33:00","date_gmt":"2023-01-08T11:33:00","guid":{"rendered":"https:\/\/www.vaittila.fi\/?page_id=27"},"modified":"2023-02-26T16:40:23","modified_gmt":"2023-02-26T14:40:23","slug":"yksityisyydensuoja","status":"publish","type":"page","link":"https:\/\/www.vaittila.fi\/index.php\/yksityisyydensuoja\/","title":{"rendered":"Yksityisyydensuoja"},"content":{"rendered":"\t\t<div data-elementor-type=\"wp-page\" data-elementor-id=\"27\" class=\"elementor elementor-27\" data-elementor-settings=\"{&quot;ha_cmc_init_switcher&quot;:&quot;no&quot;}\">\n\t\t\t\t\t\t<section class=\"elementor-section elementor-top-section elementor-element elementor-element-1e72fe27 elementor-section-boxed elementor-section-height-default elementor-section-height-default\" data-id=\"1e72fe27\" data-element_type=\"section\" data-e-type=\"section\" data-settings=\"{&quot;_ha_eqh_enable&quot;:false}\">\n\t\t\t\t\t\t<div class=\"elementor-container elementor-column-gap-default\">\n\t\t\t\t\t<div class=\"elementor-column elementor-col-100 elementor-top-column elementor-element elementor-element-39274b4e\" data-id=\"39274b4e\" data-element_type=\"column\" data-e-type=\"column\">\n\t\t\t<div class=\"elementor-widget-wrap elementor-element-populated\">\n\t\t\t\t\t\t<section class=\"elementor-section elementor-inner-section elementor-element elementor-element-59cb7b25 elementor-section-boxed elementor-section-height-default elementor-section-height-default\" data-id=\"59cb7b25\" data-element_type=\"section\" data-e-type=\"section\" data-settings=\"{&quot;_ha_eqh_enable&quot;:false}\">\n\t\t\t\t\t\t<div class=\"elementor-container elementor-column-gap-default\">\n\t\t\t\t\t<div class=\"elementor-column elementor-col-100 elementor-inner-column elementor-element elementor-element-16162e2a\" data-id=\"16162e2a\" data-element_type=\"column\" data-e-type=\"column\">\n\t\t\t<div class=\"elementor-widget-wrap elementor-element-populated\">\n\t\t\t\t\t\t<div class=\"elementor-element elementor-element-7848819a elementor-widget elementor-widget-heading\" data-id=\"7848819a\" data-element_type=\"widget\" data-e-type=\"widget\" data-widget_type=\"heading.default\">\n\t\t\t\t<div class=\"elementor-widget-container\">\n\t\t\t\t\t<h2 class=\"elementor-heading-title elementor-size-default\">Yksityisyydensuoja<\/h2>\t\t\t\t<\/div>\n\t\t\t\t<\/div>\n\t\t\t\t<div class=\"elementor-element elementor-element-2ce48fa1 elementor-widget elementor-widget-text-editor\" data-id=\"2ce48fa1\" data-element_type=\"widget\" data-e-type=\"widget\" data-widget_type=\"text-editor.default\">\n\t\t\t\t<div class=\"elementor-widget-container\">\n\t\t\t\t\t\t\t\t\t<div id=\"wpforms-164-field_12-container\" class=\"wpforms-field wpforms-field-gdpr-checkbox\" data-field-id=\"12\"><p>K\u00e4ytt\u00e4m\u00e4ll\u00e4 sivustoa suostun siihen, ett\u00e4 Vaittilan marjatila s\u00e4ilytt\u00e4\u00e4 toimittamani tiedot, jotta he voivat k\u00e4sitell\u00e4 tilaukseni. Tietoja ei k\u00e4ytet\u00e4 markkinointitarkoituksiin eik\u00e4 luovuteta kolmansille osapuolille ilman l\u00e4hett\u00e4j\u00e4n suostumusta.<\/p><\/div><p>Kaikki hinnat sis\u00e4lt\u00e4v\u00e4t voimassaolevan arvonlis\u00e4veron.<\/p><p>sivut p\u00e4ivitetty 02.02.2023<\/p>\t\t\t\t\t\t\t\t<\/div>\n\t\t\t\t<\/div>\n\t\t\t\t<div class=\"elementor-element elementor-element-6d802c05 elementor-widget elementor-widget-button\" data-id=\"6d802c05\" data-element_type=\"widget\" data-e-type=\"widget\" data-widget_type=\"button.default\">\n\t\t\t\t<div class=\"elementor-widget-container\">\n\t\t\t\t\t\t\t\t\t<div class=\"elementor-button-wrapper\">\n\t\t\t\t\t<a class=\"elementor-button elementor-button-link elementor-size-sm\" href=\"https:\/\/www.valiaikainen.palkkalaskuri.info\/yhteystiedot\/\">\n\t\t\t\t\t\t<span class=\"elementor-button-content-wrapper\">\n\t\t\t\t\t\t\t\t\t<span class=\"elementor-button-text\">Yhteystiedot<\/span>\n\t\t\t\t\t<\/span>\n\t\t\t\t\t<\/a>\n\t\t\t\t<\/div>\n\t\t\t\t\t\t\t\t<\/div>\n\t\t\t\t<\/div>\n\t\t\t\t\t<\/div>\n\t\t<\/div>\n\t\t\t\t\t<\/div>\n\t\t<\/section>\n\t\t\t\t\t<\/div>\n\t\t<\/div>\n\t\t\t\t\t<\/div>\n\t\t<\/section>\n\t\t\t\t<\/div>\n\t\t","protected":false},"excerpt":{"rendered":"<p>Yksityisyydensuoja K\u00e4ytt\u00e4m\u00e4ll\u00e4 sivustoa suostun siihen, ett\u00e4 Vaittilan marjatila s\u00e4ilytt\u00e4\u00e4 toimittamani tiedot, jotta he voivat k\u00e4sitell\u00e4 tilaukseni. Tietoja ei k\u00e4ytet\u00e4 markkinointitarkoituksiin eik\u00e4 luovuteta kolmansille osapuolille ilman l\u00e4hett\u00e4j\u00e4n suostumusta. Kaikki hinnat sis\u00e4lt\u00e4v\u00e4t voimassaolevan arvonlis\u00e4veron. sivut p\u00e4ivitetty 02.02.2023 Yhteystiedot<\/p>\n","protected":false},"author":1,"featured_media":0,"parent":0,"menu_order":0,"comment_status":"closed","ping_status":"closed","template":"elementor_header_footer","meta":{"_eb_attr":"","footnotes":""},"class_list":["post-27","page","type-page","status-publish","hentry","entry"],"_links":{"self":[{"href":"https:\/\/www.vaittila.fi\/index.php\/wp-json\/wp\/v2\/pages\/27","targetHints":{"allow":["GET"]}}],"collection":[{"href":"https:\/\/www.vaittila.fi\/index.php\/wp-json\/wp\/v2\/pages"}],"about":[{"href":"https:\/\/www.vaittila.fi\/index.php\/wp-json\/wp\/v2\/types\/page"}],"author":[{"embeddable":true,"href":"https:\/\/www.vaittila.fi\/index.php\/wp-json\/wp\/v2\/users\/1"}],"replies":[{"embeddable":true,"href":"https:\/\/www.vaittila.fi\/index.php\/wp-json\/wp\/v2\/comments?post=27"}],"version-history":[{"count":8,"href":"https:\/\/www.vaittila.fi\/index.php\/wp-json\/wp\/v2\/pages\/27\/revisions"}],"predecessor-version":[{"id":649,"href":"https:\/\/www.vaittila.fi\/index.php\/wp-json\/wp\/v2\/pages\/27\/revisions\/649"}],"wp:attachment":[{"href":"https:\/\/www.vaittila.fi\/index.php\/wp-json\/wp\/v2\/media?parent=27"}],"curies":[{"name":"wp","href":"https:\/\/api.w.org\/{rel}","templated":true}]}}