{"id":31,"date":"2023-01-08T13:14:00","date_gmt":"2023-01-08T11:14:00","guid":{"rendered":"https:\/\/www.vaittila.fi\/?page_id=31"},"modified":"2023-01-16T12:27:03","modified_gmt":"2023-01-16T10:27:03","slug":"vaittilan-matkailu","status":"publish","type":"page","link":"https:\/\/www.vaittila.fi\/index.php\/vaittilan-matkailu\/","title":{"rendered":"Vaittilan matkailu"},"content":{"rendered":"\t\t<div data-elementor-type=\"wp-page\" data-elementor-id=\"31\" class=\"elementor elementor-31\" data-elementor-settings=\"{&quot;ha_cmc_init_switcher&quot;:&quot;no&quot;}\">\n\t\t\t\t\t\t<section class=\"elementor-section elementor-top-section elementor-element elementor-element-668025d9 elementor-section-boxed elementor-section-height-default elementor-section-height-default\" data-id=\"668025d9\" data-element_type=\"section\" data-e-type=\"section\" data-settings=\"{&quot;background_background&quot;:&quot;classic&quot;,&quot;_ha_eqh_enable&quot;:false}\">\n\t\t\t\t\t\t<div class=\"elementor-container elementor-column-gap-default\">\n\t\t\t\t\t<div class=\"elementor-column elementor-col-100 elementor-top-column elementor-element elementor-element-737b7ab1\" data-id=\"737b7ab1\" data-element_type=\"column\" data-e-type=\"column\">\n\t\t\t<div class=\"elementor-widget-wrap elementor-element-populated\">\n\t\t\t\t\t\t<div class=\"elementor-element elementor-element-7702e3cb elementor-widget elementor-widget-heading\" data-id=\"7702e3cb\" data-element_type=\"widget\" data-e-type=\"widget\" data-widget_type=\"heading.default\">\n\t\t\t\t<div class=\"elementor-widget-container\">\n\t\t\t\t\t<h2 class=\"elementor-heading-title elementor-size-default\">Vaittilan matkailu<\/h2>\t\t\t\t<\/div>\n\t\t\t\t<\/div>\n\t\t\t\t\t<\/div>\n\t\t<\/div>\n\t\t\t\t\t<\/div>\n\t\t<\/section>\n\t\t\t\t<section class=\"elementor-section elementor-top-section elementor-element elementor-element-65500206 elementor-section-boxed elementor-section-height-default elementor-section-height-default\" data-id=\"65500206\" data-element_type=\"section\" data-e-type=\"section\" data-settings=\"{&quot;_ha_eqh_enable&quot;:false}\">\n\t\t\t\t\t\t<div class=\"elementor-container elementor-column-gap-default\">\n\t\t\t\t\t<div class=\"elementor-column elementor-col-100 elementor-top-column elementor-element elementor-element-35f53375\" data-id=\"35f53375\" data-element_type=\"column\" data-e-type=\"column\">\n\t\t\t<div class=\"elementor-widget-wrap elementor-element-populated\">\n\t\t\t\t\t\t<section class=\"elementor-section elementor-inner-section elementor-element elementor-element-16402cf5 elementor-section-boxed elementor-section-height-default elementor-section-height-default\" data-id=\"16402cf5\" data-element_type=\"section\" data-e-type=\"section\" data-settings=\"{&quot;_ha_eqh_enable&quot;:false}\">\n\t\t\t\t\t\t<div class=\"elementor-container elementor-column-gap-default\">\n\t\t\t\t\t<div class=\"elementor-column elementor-col-100 elementor-inner-column elementor-element elementor-element-75285f63\" data-id=\"75285f63\" data-element_type=\"column\" data-e-type=\"column\">\n\t\t\t<div class=\"elementor-widget-wrap elementor-element-populated\">\n\t\t\t\t\t\t<div class=\"elementor-element elementor-element-4f2cf0af elementor-widget elementor-widget-heading\" data-id=\"4f2cf0af\" data-element_type=\"widget\" data-e-type=\"widget\" data-widget_type=\"heading.default\">\n\t\t\t\t<div class=\"elementor-widget-container\">\n\t\t\t\t\t<h2 class=\"elementor-heading-title elementor-size-default\">Tervetuloa Vaittilansaareen!<\/h2>\t\t\t\t<\/div>\n\t\t\t\t<\/div>\n\t\t\t\t<div class=\"elementor-element elementor-element-3e8ef688 elementor-widget elementor-widget-text-editor\" data-id=\"3e8ef688\" data-element_type=\"widget\" data-e-type=\"widget\" data-widget_type=\"text-editor.default\">\n\t\t\t\t<div class=\"elementor-widget-container\">\n\t\t\t\t\t\t\t\t\t<p>Vaittilassa voit majoittua mukavasti suomalaisessa maalaismaisemassa luonnon rauhassa kuitenkin tarvittaessa l\u00e4hell\u00e4 palveluja. Tilamme sijaitsee Kuopiossa Juurusveden rannalla Kuopio-Tahkovuori -vesireitin varrella. Kuopioon matkaa on n. 25 km, Rissalan lentoasemalle 15km.<\/p>\t\t\t\t\t\t\t\t<\/div>\n\t\t\t\t<\/div>\n\t\t\t\t<div class=\"elementor-element elementor-element-892faea elementor-widget elementor-widget-heading\" data-id=\"892faea\" data-element_type=\"widget\" data-e-type=\"widget\" data-widget_type=\"heading.default\">\n\t\t\t\t<div class=\"elementor-widget-container\">\n\t\t\t\t\t<h2 class=\"elementor-heading-title elementor-size-default\">Miten Vaittilaan p\u00e4\u00e4see?<\/h2>\t\t\t\t<\/div>\n\t\t\t\t<\/div>\n\t\t\t\t<div class=\"elementor-element elementor-element-69242825 elementor-widget elementor-widget-text-editor\" data-id=\"69242825\" data-element_type=\"widget\" data-e-type=\"widget\" data-widget_type=\"text-editor.default\">\n\t\t\t\t<div class=\"elementor-widget-container\">\n\t\t\t\t\t\t\t\t\t<p>Luonnon rauhasta nauttiminen on yksinkertaista; varaat vain lomamajoituksen Vaittilasta. Meille p\u00e4\u00e4see autolla, polkupy\u00f6r\u00e4ll\u00e4, lent\u00e4en (Kuopion lentoasema Rissala) tai junalla (Kuopio). Omaa autoa et tarvitse, noudamme tarvittaessa Sinut seurueesi kanssa lentoasemalta tai rautatieasemalta.<\/p>\t\t\t\t\t\t\t\t<\/div>\n\t\t\t\t<\/div>\n\t\t\t\t<div class=\"elementor-element elementor-element-25ebbb15 elementor-widget elementor-widget-heading\" data-id=\"25ebbb15\" data-element_type=\"widget\" data-e-type=\"widget\" data-widget_type=\"heading.default\">\n\t\t\t\t<div class=\"elementor-widget-container\">\n\t\t\t\t\t<h2 class=\"elementor-heading-title elementor-size-default\">Mit\u00e4 Vaittilassa voi tehd\u00e4?<\/h2>\t\t\t\t<\/div>\n\t\t\t\t<\/div>\n\t\t\t\t<div class=\"elementor-element elementor-element-dd0eb37 elementor-widget elementor-widget-text-editor\" data-id=\"dd0eb37\" data-element_type=\"widget\" data-e-type=\"widget\" data-widget_type=\"text-editor.default\">\n\t\t\t\t<div class=\"elementor-widget-container\">\n\t\t\t\t\t\t\t\t\t<p>Vaittilassa on erinomaiset mahdollisuudet nauttia maaseudun rauhasta ilman aikataulua. Meill\u00e4 voi saunoa rantasaunassa, uida puhtaassa j\u00e4rvess\u00e4, kalastaa runsaskalaisissa vesiss\u00e4, patikoida mets\u00e4ss\u00e4, tehd\u00e4 py\u00f6r\u00e4retken tai vain olla ja nauttia kiireett\u00f6myydest\u00e4, vain muutamia esimerkkej\u00e4 mainitaksemme.<\/p>\t\t\t\t\t\t\t\t<\/div>\n\t\t\t\t<\/div>\n\t\t\t\t<div class=\"elementor-element elementor-element-5600fda4 elementor-widget elementor-widget-heading\" data-id=\"5600fda4\" data-element_type=\"widget\" data-e-type=\"widget\" data-widget_type=\"heading.default\">\n\t\t\t\t<div class=\"elementor-widget-container\">\n\t\t\t\t\t<h2 class=\"elementor-heading-title elementor-size-default\">Sijainti<\/h2>\t\t\t\t<\/div>\n\t\t\t\t<\/div>\n\t\t\t\t<div class=\"elementor-element elementor-element-347d933e elementor-widget elementor-widget-text-editor\" data-id=\"347d933e\" data-element_type=\"widget\" data-e-type=\"widget\" data-widget_type=\"text-editor.default\">\n\t\t\t\t<div class=\"elementor-widget-container\">\n\t\t\t\t\t\t\t\t\t<p>Vaittila tila sijaitsee Pohjois-Savossa n. 25 km Kuopiosta koilliseen. Ajetaan Kuopion ohi pohjoiseen n. 10km, k\u00e4\u00e4nnyt\u00e4\u00e4n Joensuun suuntaan (tie 9), jota reilut 7km ja sillan j\u00e4lkeen ensimm\u00e4inen tie vasemmalle (J\u00e4nneniementie). J\u00e4nneniementiet\u00e4 ajetaan 6,5km ja sillan j\u00e4lkeen m\u00e4en p\u00e4\u00e4lt\u00e4 postilaatikoiden kohdalta oikealle (J\u00e4nneniementie 677). Olet perill\u00e4 Vaittilassa.<\/p><p>Lentoasemalle (Kuopio\/Rissala) matkaa on 15 km, Helsinkiin 420km. Tila sijaitsee luonnonkauniilla paikalla pieness\u00e4 saaressa j\u00e4rven rannalla (tie perille).<\/p><p><strong>(Navigaattoriin osoitteeksi: J\u00e4nneniementie 677, Kuopio)<\/strong><\/p><p><strong>HUOM! J\u00e4nneniementiell\u00e4 on 50 km\/h nopeusrajoitus koko tien matkalla!<\/strong><\/p>\t\t\t\t\t\t\t\t<\/div>\n\t\t\t\t<\/div>\n\t\t\t\t<div class=\"elementor-element elementor-element-153a6dac elementor-widget elementor-widget-google_maps\" data-id=\"153a6dac\" data-element_type=\"widget\" data-e-type=\"widget\" data-widget_type=\"google_maps.default\">\n\t\t\t\t<div class=\"elementor-widget-container\">\n\t\t\t\t\t\t\t<div class=\"elementor-custom-embed\">\n\t\t\t<iframe loading=\"lazy\"\n\t\t\t\t\tsrc=\"https:\/\/maps.google.com\/maps?q=J%C3%A4nneniementie%20677%2C%20Kuopio&#038;t=m&#038;z=15&#038;output=embed&#038;iwloc=near\"\n\t\t\t\t\ttitle=\"J\u00e4nneniementie 677, Kuopio\"\n\t\t\t\t\taria-label=\"J\u00e4nneniementie 677, Kuopio\"\n\t\t\t><\/iframe>\n\t\t<\/div>\n\t\t\t\t\t\t<\/div>\n\t\t\t\t<\/div>\n\t\t\t\t<div class=\"elementor-element elementor-element-575afaa7 elementor-widget elementor-widget-button\" data-id=\"575afaa7\" data-element_type=\"widget\" data-e-type=\"widget\" data-widget_type=\"button.default\">\n\t\t\t\t<div class=\"elementor-widget-container\">\n\t\t\t\t\t\t\t\t\t<div class=\"elementor-button-wrapper\">\n\t\t\t\t\t<a class=\"elementor-button elementor-button-link elementor-size-sm\" href=\"https:\/\/www.valiaikainen.palkkalaskuri.info\/yhteystiedot\/\">\n\t\t\t\t\t\t<span class=\"elementor-button-content-wrapper\">\n\t\t\t\t\t\t\t\t\t<span class=\"elementor-button-text\">Yhteystiedot<\/span>\n\t\t\t\t\t<\/span>\n\t\t\t\t\t<\/a>\n\t\t\t\t<\/div>\n\t\t\t\t\t\t\t\t<\/div>\n\t\t\t\t<\/div>\n\t\t\t\t\t<\/div>\n\t\t<\/div>\n\t\t\t\t\t<\/div>\n\t\t<\/section>\n\t\t\t\t\t<\/div>\n\t\t<\/div>\n\t\t\t\t\t<\/div>\n\t\t<\/section>\n\t\t\t\t<\/div>\n\t\t","protected":false},"excerpt":{"rendered":"<p>Vaittilan matkailu Tervetuloa Vaittilansaareen! Vaittilassa voit majoittua mukavasti suomalaisessa maalaismaisemassa luonnon rauhassa kuitenkin tarvittaessa l\u00e4hell\u00e4 palveluja. Tilamme sijaitsee Kuopiossa Juurusveden rannalla Kuopio-Tahkovuori -vesireitin varrella. Kuopioon matkaa on n. 25 km, Rissalan lentoasemalle 15km. Miten Vaittilaan p\u00e4\u00e4see? Luonnon rauhasta nauttiminen on yksinkertaista; varaat vain lomamajoituksen Vaittilasta. Meille p\u00e4\u00e4see autolla, polkupy\u00f6r\u00e4ll\u00e4, lent\u00e4en (Kuopion lentoasema Rissala) tai junalla [&hellip;]<\/p>\n","protected":false},"author":1,"featured_media":0,"parent":0,"menu_order":0,"comment_status":"closed","ping_status":"closed","template":"elementor_header_footer","meta":{"_eb_attr":"","footnotes":""},"class_list":["post-31","page","type-page","status-publish","hentry","entry"],"_links":{"self":[{"href":"https:\/\/www.vaittila.fi\/index.php\/wp-json\/wp\/v2\/pages\/31","targetHints":{"allow":["GET"]}}],"collection":[{"href":"https:\/\/www.vaittila.fi\/index.php\/wp-json\/wp\/v2\/pages"}],"about":[{"href":"https:\/\/www.vaittila.fi\/index.php\/wp-json\/wp\/v2\/types\/page"}],"author":[{"embeddable":true,"href":"https:\/\/www.vaittila.fi\/index.php\/wp-json\/wp\/v2\/users\/1"}],"replies":[{"embeddable":true,"href":"https:\/\/www.vaittila.fi\/index.php\/wp-json\/wp\/v2\/comments?post=31"}],"version-history":[{"count":5,"href":"https:\/\/www.vaittila.fi\/index.php\/wp-json\/wp\/v2\/pages\/31\/revisions"}],"predecessor-version":[{"id":172,"href":"https:\/\/www.vaittila.fi\/index.php\/wp-json\/wp\/v2\/pages\/31\/revisions\/172"}],"wp:attachment":[{"href":"https:\/\/www.vaittila.fi\/index.php\/wp-json\/wp\/v2\/media?parent=31"}],"curies":[{"name":"wp","href":"https:\/\/api.w.org\/{rel}","templated":true}]}}